{"id":1344,"date":"2021-02-14T14:12:26","date_gmt":"2021-02-14T14:12:26","guid":{"rendered":"https:\/\/arival.es\/envejecido\/"},"modified":"2022-06-13T09:07:04","modified_gmt":"2022-06-13T09:07:04","slug":"brossee-vieillie","status":"publish","type":"page","link":"https:\/\/arival.es\/fr\/brossee-vieillie\/","title":{"rendered":"Bross\u00e9e \u2013 vieillie"},"content":{"rendered":"[vc_row type=\u00a0\u00bbfull_width_background\u00a0\u00bb full_screen_row_position=\u00a0\u00bbmiddle\u00a0\u00bb column_margin=\u00a0\u00bbdefault\u00a0\u00bb column_direction=\u00a0\u00bbdefault\u00a0\u00bb column_direction_tablet=\u00a0\u00bbdefault\u00a0\u00bb column_direction_phone=\u00a0\u00bbdefault\u00a0\u00bb bg_color=\u00a0\u00bb#ffffff\u00a0\u00bb bg_image=\u00a0\u00bb87&Prime; bg_position=\u00a0\u00bbcenter center\u00a0\u00bb background_image_loading=\u00a0\u00bbdefault\u00a0\u00bb bg_repeat=\u00a0\u00bbno-repeat\u00a0\u00bb scene_position=\u00a0\u00bbcenter\u00a0\u00bb text_color=\u00a0\u00bblight\u00a0\u00bb text_align=\u00a0\u00bbleft\u00a0\u00bb row_border_radius=\u00a0\u00bbnone\u00a0\u00bb row_border_radius_applies=\u00a0\u00bbbg\u00a0\u00bb color_overlay=\u00a0\u00bb#212121&Prime; overlay_strength=\u00a0\u00bb0.95&Prime; gradient_direction=\u00a0\u00bbleft_to_right\u00a0\u00bb shape_divider_position=\u00a0\u00bbbottom\u00a0\u00bb bg_image_animation=\u00a0\u00bbnone\u00a0\u00bb parallax_bg=\u00a0\u00bbtrue\u00a0\u00bb parallax_bg_speed=\u00a0\u00bbfast\u00a0\u00bb shape_type=\u00a0\u00bb\u00a0\u00bb][vc_column column_padding=\u00a0\u00bbno-extra-padding\u00a0\u00bb column_padding_tablet=\u00a0\u00bbinherit\u00a0\u00bb column_padding_phone=\u00a0\u00bbinherit\u00a0\u00bb column_padding_position=\u00a0\u00bball\u00a0\u00bb column_element_spacing=\u00a0\u00bbdefault\u00a0\u00bb background_color_opacity=\u00a0\u00bb1&Prime; background_hover_color_opacity=\u00a0\u00bb1&Prime; column_shadow=\u00a0\u00bbnone\u00a0\u00bb column_border_radius=\u00a0\u00bbnone\u00a0\u00bb column_link_target=\u00a0\u00bb_self\u00a0\u00bb gradient_direction=\u00a0\u00bbleft_to_right\u00a0\u00bb overlay_strength=\u00a0\u00bb0.3&Prime; width=\u00a0\u00bb1\/1&Prime; tablet_width_inherit=\u00a0\u00bbdefault\u00a0\u00bb tablet_text_alignment=\u00a0\u00bbdefault\u00a0\u00bb phone_text_alignment=\u00a0\u00bbdefault\u00a0\u00bb bg_image_animation=\u00a0\u00bbnone\u00a0\u00bb enable_animation=\u00a0\u00bbtrue\u00a0\u00bb animation=\u00a0\u00bbfade-in\u00a0\u00bb border_type=\u00a0\u00bbsimple\u00a0\u00bb column_border_width=\u00a0\u00bbnone\u00a0\u00bb column_border_style=\u00a0\u00bbsolid\u00a0\u00bb][vc_row_inner equal_height=\u00a0\u00bbyes\u00a0\u00bb content_placement=\u00a0\u00bbmiddle\u00a0\u00bb column_margin=\u00a0\u00bbdefault\u00a0\u00bb column_direction=\u00a0\u00bbdefault\u00a0\u00bb column_direction_tablet=\u00a0\u00bbdefault\u00a0\u00bb column_direction_phone=\u00a0\u00bbdefault\u00a0\u00bb top_padding=\u00a0\u00bb15%\u00a0\u00bb bottom_padding=\u00a0\u00bb14%\u00a0\u00bb text_align=\u00a0\u00bbleft\u00a0\u00bb][vc_column_inner column_padding=\u00a0\u00bbno-extra-padding\u00a0\u00bb column_padding_tablet=\u00a0\u00bbinherit\u00a0\u00bb column_padding_phone=\u00a0\u00bbinherit\u00a0\u00bb column_padding_position=\u00a0\u00bball\u00a0\u00bb column_element_spacing=\u00a0\u00bbdefault\u00a0\u00bb background_color_opacity=\u00a0\u00bb1&Prime; background_hover_color_opacity=\u00a0\u00bb1&Prime; column_shadow=\u00a0\u00bbnone\u00a0\u00bb column_border_radius=\u00a0\u00bbnone\u00a0\u00bb column_link_target=\u00a0\u00bb_self\u00a0\u00bb gradient_direction=\u00a0\u00bbleft_to_right\u00a0\u00bb overlay_strength=\u00a0\u00bb0.3&Prime; width=\u00a0\u00bb5\/12&Prime; tablet_width_inherit=\u00a0\u00bbdefault\u00a0\u00bb bg_image_animation=\u00a0\u00bbnone\u00a0\u00bb border_type=\u00a0\u00bbsimple\u00a0\u00bb column_border_width=\u00a0\u00bbnone\u00a0\u00bb column_border_style=\u00a0\u00bbsolid\u00a0\u00bb offset=\u00a0\u00bbvc_col-xs-12&Prime;][vc_column_text]\n<h1><strong>Bross\u00e9e \u2013 vieillie<\/strong><\/h1>\n[\/vc_column_text][vc_column_text max_width=\u00a0\u00bb550&Prime;]La finition bross\u00e9e cherche \u00e1 donner \u00e1 un nouveau materiau un aspect que seul le pasage du temps et les agrressions de l\u2019environements donnent \u00e1 toutes les pierres.<\/p>\n<p>En ce qui nous concerne, Arival Stone es un materiau qui supporte pleinement les diff\u00e9rentes t\u00e9cniques qui ont \u00e9t\u00e9 dev\u00e9lopp\u00e9es au sein de l\u2019industrie du marbre tout au long de sa longue histoire.<\/p>\n<p>Ces t\u00e9cniques de vieillissement acc\u00e9l\u00e9r\u00e9 sont fondamentalement obtenues de 2 mani\u00e8res, une par des moyens m\u00e9caniques, dont les t\u00e9chniques se basent sur l\u2019application de diff\u00e9rentes brosses abrasives qui ont pour objet de cr\u00e9er des ondulations et reliefs quii imitent fid\u00e8lement la passage du temps et l\u2019\u00e9rosion que les \u00e9l\u00e9ments athmosph\u00e9riques\u00a0 produisent sur la pierre naturelle.<\/p>\n<p>L\u2019\u00e9ffet qui se produit est d\u00fb au fait que les parties les plus dures qui forment la structure g\u00e9ologique des materiaux restent en superficie et cr\u00e9ent autor d\u2019elles des concavit\u00e9s produites par ladisparition des materiaux plus mous qui sont li\u00e9s aux plus durs et qui sont pricipalement des fossiles.<\/p>\n<p>Arival Stone, \u00e9tant une roche s\u00e9dimentaire, principalement compos\u00e9e de petits fossiles, de la famille des amonites li\u00e9s para un m\u00e9lange de diff\u00e9rents mineraux de mani\u00e8re tr\u00e8s homog\u00e8ne dans sa composition tratarse de una roca sedimentaria, en cuya composici\u00f3n predomina la presencia de peque\u00f1os f\u00f3siles de la familia de los amonites, ligados por una mezcla de diferentes minerales de una forma muy homog\u00e9nea en toda su composici\u00f3n. Ceci nous a permis de trouer facilement la combinaison parfaite dediff\u00e9rentes brosses et abrasifs, dont la consistence et la composition permettent de faire glisser ces ensembles de mineraux de mani\u00e8re tr\u00e8s constente en realisant les diff\u00e9rentes d\u00e9gr\u00e9s de vieillissement identique, quelques soient les dimensions du projet en cette finition.<\/p>\n<p>Une autre t\u00e9cnique utilis\u00e9e dans l\u2019industrie du Marbre pour obtenir cette finition, est bas\u00e9e sur l\u2019aplication de produits chimiques dont l\u2019objectif est d\u2019attaquer et de d\u00e9composer cet ensemble de mineraux attachants pour laisser en superfice les fosiles. Ces agents chmiques s\u2019appliquent dans les bains sp\u00e9ciaux qui garantissent totalement l\u2019homeg\u00e9n\u00e9it\u00e9 de la texture finale tout en m\u00e9surant strictement le temps d\u2019exposition de l\u2019agent chimique sur la superficie de al pierre.\u00a0 \u00a0permettent Otra t\u00e9cnica, que la industria del m\u00e1rmol utiliza para conseguir esa.<\/p>\n<p>La finitions vieillie est une excellente option qui donne aux superficies sur les quelles ele est pos\u00e9e un caract\u00e8re que seul le passage du temps atteint ces reliefs et la texture soyeuse de la finition finale permettet que Arival Stone soit la solution id\u00e9ale pour les projets qui donneront un aspect ag\u00e9 \u00e1 vos sol rev\u00eatus.[\/vc_column_text][divider line_type=\u00a0\u00bbNo Line\u00a0\u00bb][nectar_btn size=\u00a0\u00bblarge\u00a0\u00bb button_style=\u00a0\u00bbregular\u00a0\u00bb button_color_2=\u00a0\u00bbExtra-Color-1&Prime; icon_family=\u00a0\u00bbdefault_arrow\u00a0\u00bb url=\u00a0\u00bbhttps:\/\/arival.es\/contacto\/\u00a0\u00bb text=\u00a0\u00bbContacter\u00a0\u00bb css_animation=\u00a0\u00bbnone\u00a0\u00bb][\/vc_column_inner][vc_column_inner column_padding=\u00a0\u00bbno-extra-padding\u00a0\u00bb column_padding_tablet=\u00a0\u00bbinherit\u00a0\u00bb column_padding_phone=\u00a0\u00bbinherit\u00a0\u00bb column_padding_position=\u00a0\u00bball\u00a0\u00bb column_element_spacing=\u00a0\u00bbdefault\u00a0\u00bb background_color_opacity=\u00a0\u00bb1&Prime; background_hover_color_opacity=\u00a0\u00bb1&Prime; column_shadow=\u00a0\u00bbnone\u00a0\u00bb column_border_radius=\u00a0\u00bbnone\u00a0\u00bb column_link_target=\u00a0\u00bb_self\u00a0\u00bb gradient_direction=\u00a0\u00bbleft_to_right\u00a0\u00bb overlay_strength=\u00a0\u00bb0.3&Prime; width=\u00a0\u00bb1\/12&Prime; tablet_width_inherit=\u00a0\u00bbdefault\u00a0\u00bb bg_image_animation=\u00a0\u00bbnone\u00a0\u00bb border_type=\u00a0\u00bbsimple\u00a0\u00bb column_border_width=\u00a0\u00bbnone\u00a0\u00bb column_border_style=\u00a0\u00bbsolid\u00a0\u00bb offset=\u00a0\u00bbvc_hidden-sm vc_hidden-xs\u00a0\u00bb][\/vc_column_inner][vc_column_inner column_padding=\u00a0\u00bbno-extra-padding\u00a0\u00bb column_padding_tablet=\u00a0\u00bbinherit\u00a0\u00bb column_padding_phone=\u00a0\u00bbinherit\u00a0\u00bb column_padding_position=\u00a0\u00bball\u00a0\u00bb column_element_spacing=\u00a0\u00bbdefault\u00a0\u00bb background_color_opacity=\u00a0\u00bb1&Prime; background_hover_color_opacity=\u00a0\u00bb1&Prime; column_shadow=\u00a0\u00bbnone\u00a0\u00bb column_border_radius=\u00a0\u00bbnone\u00a0\u00bb column_link_target=\u00a0\u00bb_self\u00a0\u00bb gradient_direction=\u00a0\u00bbleft_to_right\u00a0\u00bb overlay_strength=\u00a0\u00bb0.3&Prime; width=\u00a0\u00bb1\/2&Prime; tablet_width_inherit=\u00a0\u00bbdefault\u00a0\u00bb bg_image_animation=\u00a0\u00bbnone\u00a0\u00bb border_type=\u00a0\u00bbsimple\u00a0\u00bb column_border_width=\u00a0\u00bbnone\u00a0\u00bb column_border_style=\u00a0\u00bbsolid\u00a0\u00bb][nectar_video_lightbox link_style=\u00a0\u00bbplay_button_2&Prime; nectar_play_button_color=\u00a0\u00bbExtra-Color-1&Prime; image_url=\u00a0\u00bb137&Prime; hover_effect=\u00a0\u00bbzoom_button\u00a0\u00bb box_shadow=\u00a0\u00bbx_large_depth\u00a0\u00bb border_radius=\u00a0\u00bb10px\u00a0\u00bb play_button_size=\u00a0\u00bbdefault\u00a0\u00bb video_url=\u00a0\u00bbhttps:\/\/www.youtube.com\/watch?v=Z8zozvRrdKM&amp;feature=emb_title&amp;ab_channel=arivalstone\u00a0\u00bb][\/vc_column_inner][\/vc_row_inner][\/vc_column][\/vc_row]\n","protected":false},"excerpt":{"rendered":"<p>[vc_row type=\u00a0\u00bbfull_width_background\u00a0\u00bb full_screen_row_position=\u00a0\u00bbmiddle\u00a0\u00bb column_margin=\u00a0\u00bbdefault\u00a0\u00bb column_direction=\u00a0\u00bbdefault\u00a0\u00bb column_direction_tablet=\u00a0\u00bbdefault\u00a0\u00bb column_direction_phone=\u00a0\u00bbdefault\u00a0\u00bb bg_color=\u00a0\u00bb#ffffff\u00a0\u00bb bg_image=\u00a0\u00bb87&Prime; bg_position=\u00a0\u00bbcenter center\u00a0\u00bb background_image_loading=\u00a0\u00bbdefault\u00a0\u00bb bg_repeat=\u00a0\u00bbno-repeat\u00a0\u00bb scene_position=\u00a0\u00bbcenter\u00a0\u00bb text_color=\u00a0\u00bblight\u00a0\u00bb text_align=\u00a0\u00bbleft\u00a0\u00bb row_border_radius=\u00a0\u00bbnone\u00a0\u00bb row_border_radius_applies=\u00a0\u00bbbg\u00a0\u00bb color_overlay=\u00a0\u00bb#212121&Prime; overlay_strength=\u00a0\u00bb0.95&Prime; gradient_direction=\u00a0\u00bbleft_to_right\u00a0\u00bb shape_divider_position=\u00a0\u00bbbottom\u00a0\u00bb bg_image_animation=\u00a0\u00bbnone\u00a0\u00bb parallax_bg=\u00a0\u00bbtrue\u00a0\u00bb parallax_bg_speed=\u00a0\u00bbfast\u00a0\u00bb shape_type=\u00a0\u00bb\u00a0\u00bb][vc_column column_padding=\u00a0\u00bbno-extra-padding\u00a0\u00bb column_padding_tablet=\u00a0\u00bbinherit\u00a0\u00bb column_padding_phone=\u00a0\u00bbinherit\u00a0\u00bb column_padding_position=\u00a0\u00bball\u00a0\u00bb&#8230;<\/p>\n","protected":false},"author":1,"featured_media":0,"parent":0,"menu_order":0,"comment_status":"closed","ping_status":"closed","template":"","meta":[],"yoast_head":"<!-- This site is optimized with the Yoast SEO plugin v16.5 - https:\/\/yoast.com\/wordpress\/plugins\/seo\/ -->\n<title>Bross\u00e9e \u2013 vieillie - Arival<\/title>\n<meta name=\"robots\" content=\"index, follow, max-snippet:-1, max-image-preview:large, max-video-preview:-1\" \/>\n<link rel=\"canonical\" href=\"https:\/\/arival.es\/fr\/brossee-vieillie\/\" \/>\n<meta property=\"og:locale\" content=\"fr_FR\" \/>\n<meta property=\"og:type\" content=\"article\" \/>\n<meta property=\"og:title\" content=\"Bross\u00e9e \u2013 vieillie - Arival\" \/>\n<meta property=\"og:description\" content=\"[vc_row type=\u00a0\u00bbfull_width_background\u00a0\u00bb full_screen_row_position=\u00a0\u00bbmiddle\u00a0\u00bb column_margin=\u00a0\u00bbdefault\u00a0\u00bb column_direction=\u00a0\u00bbdefault\u00a0\u00bb column_direction_tablet=\u00a0\u00bbdefault\u00a0\u00bb column_direction_phone=\u00a0\u00bbdefault\u00a0\u00bb bg_color=\u00a0\u00bb#ffffff\u00a0\u00bb bg_image=\u00a0\u00bb87&Prime; bg_position=\u00a0\u00bbcenter center\u00a0\u00bb background_image_loading=\u00a0\u00bbdefault\u00a0\u00bb bg_repeat=\u00a0\u00bbno-repeat\u00a0\u00bb scene_position=\u00a0\u00bbcenter\u00a0\u00bb text_color=\u00a0\u00bblight\u00a0\u00bb text_align=\u00a0\u00bbleft\u00a0\u00bb row_border_radius=\u00a0\u00bbnone\u00a0\u00bb row_border_radius_applies=\u00a0\u00bbbg\u00a0\u00bb color_overlay=\u00a0\u00bb#212121&Prime; overlay_strength=\u00a0\u00bb0.95&Prime; gradient_direction=\u00a0\u00bbleft_to_right\u00a0\u00bb shape_divider_position=\u00a0\u00bbbottom\u00a0\u00bb bg_image_animation=\u00a0\u00bbnone\u00a0\u00bb parallax_bg=\u00a0\u00bbtrue\u00a0\u00bb parallax_bg_speed=\u00a0\u00bbfast\u00a0\u00bb shape_type=\u00a0\u00bb\u00a0\u00bb][vc_column column_padding=\u00a0\u00bbno-extra-padding\u00a0\u00bb column_padding_tablet=\u00a0\u00bbinherit\u00a0\u00bb column_padding_phone=\u00a0\u00bbinherit\u00a0\u00bb column_padding_position=\u00a0\u00bball\u00a0\u00bb...\" \/>\n<meta property=\"og:url\" content=\"https:\/\/arival.es\/fr\/brossee-vieillie\/\" \/>\n<meta property=\"og:site_name\" content=\"Arival\" \/>\n<meta property=\"article:modified_time\" content=\"2022-06-13T09:07:04+00:00\" \/>\n<meta name=\"twitter:card\" content=\"summary_large_image\" \/>\n<meta name=\"twitter:label1\" content=\"Dur\u00e9e de lecture est.\" \/>\n\t<meta name=\"twitter:data1\" content=\"3 minutes\" \/>\n<script type=\"application\/ld+json\" class=\"yoast-schema-graph\">{\"@context\":\"https:\/\/schema.org\",\"@graph\":[{\"@type\":\"WebSite\",\"@id\":\"https:\/\/arival.es\/#website\",\"url\":\"https:\/\/arival.es\/\",\"name\":\"Arival\",\"description\":\"The Grey Stone\",\"potentialAction\":[{\"@type\":\"SearchAction\",\"target\":\"https:\/\/arival.es\/?s={search_term_string}\",\"query-input\":\"required name=search_term_string\"}],\"inLanguage\":\"fr-FR\"},{\"@type\":\"WebPage\",\"@id\":\"https:\/\/arival.es\/fr\/brossee-vieillie\/#webpage\",\"url\":\"https:\/\/arival.es\/fr\/brossee-vieillie\/\",\"name\":\"Bross\\u00e9e \\u2013 vieillie - Arival\",\"isPartOf\":{\"@id\":\"https:\/\/arival.es\/#website\"},\"datePublished\":\"2021-02-14T14:12:26+00:00\",\"dateModified\":\"2022-06-13T09:07:04+00:00\",\"breadcrumb\":{\"@id\":\"https:\/\/arival.es\/fr\/brossee-vieillie\/#breadcrumb\"},\"inLanguage\":\"fr-FR\",\"potentialAction\":[{\"@type\":\"ReadAction\",\"target\":[\"https:\/\/arival.es\/fr\/brossee-vieillie\/\"]}]},{\"@type\":\"BreadcrumbList\",\"@id\":\"https:\/\/arival.es\/fr\/brossee-vieillie\/#breadcrumb\",\"itemListElement\":[{\"@type\":\"ListItem\",\"position\":1,\"name\":\"Portada\",\"item\":\"https:\/\/arival.es\/fr\/\"},{\"@type\":\"ListItem\",\"position\":2,\"name\":\"Bross\\u00e9e \\u2013 vieillie\"}]}]}<\/script>\n<!-- \/ Yoast SEO plugin. -->","_links":{"self":[{"href":"https:\/\/arival.es\/fr\/wp-json\/wp\/v2\/pages\/1344"}],"collection":[{"href":"https:\/\/arival.es\/fr\/wp-json\/wp\/v2\/pages"}],"about":[{"href":"https:\/\/arival.es\/fr\/wp-json\/wp\/v2\/types\/page"}],"author":[{"embeddable":true,"href":"https:\/\/arival.es\/fr\/wp-json\/wp\/v2\/users\/1"}],"replies":[{"embeddable":true,"href":"https:\/\/arival.es\/fr\/wp-json\/wp\/v2\/comments?post=1344"}],"version-history":[{"count":3,"href":"https:\/\/arival.es\/fr\/wp-json\/wp\/v2\/pages\/1344\/revisions"}],"predecessor-version":[{"id":1347,"href":"https:\/\/arival.es\/fr\/wp-json\/wp\/v2\/pages\/1344\/revisions\/1347"}],"wp:attachment":[{"href":"https:\/\/arival.es\/fr\/wp-json\/wp\/v2\/media?parent=1344"}],"curies":[{"name":"wp","href":"https:\/\/api.w.org\/{rel}","templated":true}]}}